{"id":733,"date":"2021-10-07T11:44:25","date_gmt":"2021-10-07T09:44:25","guid":{"rendered":"https:\/\/nordiska.de\/akademie\/?page_id=733"},"modified":"2025-11-19T14:49:17","modified_gmt":"2025-11-19T13:49:17","slug":"referenten-gesucht-2","status":"publish","type":"page","link":"https:\/\/nordiska.de\/akademie\/referenten-gesucht-2\/","title":{"rendered":"Referenten gesucht"},"content":{"rendered":"\t\t<div data-elementor-type=\"wp-page\" data-elementor-id=\"733\" class=\"elementor elementor-733\" data-elementor-post-type=\"page\">\n\t\t\t\t\t\t<section class=\"elementor-section elementor-top-section elementor-element elementor-element-2154faa elementor-section-height-min-height elementor-section-content-middle elementor-reverse-tablet elementor-reverse-mobile elementor-section-boxed elementor-section-height-default elementor-section-items-middle\" data-id=\"2154faa\" data-element_type=\"section\" data-e-type=\"section\" data-settings=\"{&quot;background_background&quot;:&quot;classic&quot;}\">\n\t\t\t\t\t\t\t<div class=\"elementor-background-overlay\"><\/div>\n\t\t\t\t\t\t\t<div class=\"elementor-container elementor-column-gap-default\">\n\t\t\t\t\t<div class=\"elementor-column elementor-col-50 elementor-top-column elementor-element elementor-element-6a13f68\" data-id=\"6a13f68\" data-element_type=\"column\" data-e-type=\"column\">\n\t\t\t<div class=\"elementor-widget-wrap elementor-element-populated\">\n\t\t\t\t\t\t<div class=\"elementor-element elementor-element-d075c5f elementor-align-left elementor-widget elementor-widget-button\" data-id=\"d075c5f\" data-element_type=\"widget\" data-e-type=\"widget\" data-widget_type=\"button.default\">\n\t\t\t\t<div class=\"elementor-widget-container\">\n\t\t\t\t\t\t\t\t\t<div class=\"elementor-button-wrapper\">\n\t\t\t\t\t<a class=\"elementor-button elementor-button-link elementor-size-md\" href=\"\/akademie\">\n\t\t\t\t\t\t<span class=\"elementor-button-content-wrapper\">\n\t\t\t\t\t\t\t\t\t<span class=\"elementor-button-text\">Zur\u00fcck zu \u00dcbersicht<\/span>\n\t\t\t\t\t<\/span>\n\t\t\t\t\t<\/a>\n\t\t\t\t<\/div>\n\t\t\t\t\t\t\t\t<\/div>\n\t\t\t\t<\/div>\n\t\t\t\t<div class=\"elementor-element elementor-element-c1929a6 elementor-widget elementor-widget-heading\" data-id=\"c1929a6\" data-element_type=\"widget\" data-e-type=\"widget\" data-widget_type=\"heading.default\">\n\t\t\t\t<div class=\"elementor-widget-container\">\n\t\t\t\t\t<h1 class=\"elementor-heading-title elementor-size-default\">Referenten gesucht<\/h1>\t\t\t\t<\/div>\n\t\t\t\t<\/div>\n\t\t\t\t\t<\/div>\n\t\t<\/div>\n\t\t\t\t<div class=\"elementor-column elementor-col-50 elementor-top-column elementor-element elementor-element-8f72d76\" data-id=\"8f72d76\" data-element_type=\"column\" data-e-type=\"column\">\n\t\t\t<div class=\"elementor-widget-wrap elementor-element-populated\">\n\t\t\t\t\t\t<div class=\"elementor-element elementor-element-05e6668 elementor-widget elementor-widget-image\" data-id=\"05e6668\" data-element_type=\"widget\" data-e-type=\"widget\" data-widget_type=\"image.default\">\n\t\t\t\t<div class=\"elementor-widget-container\">\n\t\t\t\t\t\t\t\t\t\t\t\t\t\t\t<img fetchpriority=\"high\" decoding=\"async\" width=\"800\" height=\"267\" src=\"https:\/\/nordiska.de\/akademie\/wp-content\/uploads\/sites\/2\/2021\/01\/finales_logo_nordiska_akademie-s.png\" class=\"attachment-full size-full wp-image-13\" alt=\"Logo der Nordiska Akademie f\u00fcr medizinische Fortbildung\" srcset=\"https:\/\/nordiska.de\/akademie\/wp-content\/uploads\/sites\/2\/2021\/01\/finales_logo_nordiska_akademie-s.png 800w, https:\/\/nordiska.de\/akademie\/wp-content\/uploads\/sites\/2\/2021\/01\/finales_logo_nordiska_akademie-s-300x100.png 300w, https:\/\/nordiska.de\/akademie\/wp-content\/uploads\/sites\/2\/2021\/01\/finales_logo_nordiska_akademie-s-768x256.png 768w\" sizes=\"(max-width: 800px) 100vw, 800px\" \/>\t\t\t\t\t\t\t\t\t\t\t\t\t\t\t<\/div>\n\t\t\t\t<\/div>\n\t\t\t\t\t<\/div>\n\t\t<\/div>\n\t\t\t\t\t<\/div>\n\t\t<\/section>\n\t\t\t\t<section class=\"elementor-section elementor-top-section elementor-element elementor-element-d282341 elementor-section-boxed elementor-section-height-default elementor-section-height-default\" data-id=\"d282341\" data-element_type=\"section\" data-e-type=\"section\" data-settings=\"{&quot;background_background&quot;:&quot;classic&quot;}\">\n\t\t\t\t\t\t<div class=\"elementor-container elementor-column-gap-wider\">\n\t\t\t\t\t<div class=\"elementor-column elementor-col-100 elementor-top-column elementor-element elementor-element-ecd57e6 elementor-invisible\" data-id=\"ecd57e6\" data-element_type=\"column\" data-e-type=\"column\" data-settings=\"{&quot;animation&quot;:&quot;fadeInUp&quot;}\">\n\t\t\t<div class=\"elementor-widget-wrap elementor-element-populated\">\n\t\t\t\t\t\t<section class=\"elementor-section elementor-inner-section elementor-element elementor-element-dfabae8 elementor-section-boxed elementor-section-height-default elementor-section-height-default\" data-id=\"dfabae8\" data-element_type=\"section\" data-e-type=\"section\">\n\t\t\t\t\t\t<div class=\"elementor-container elementor-column-gap-default\">\n\t\t\t\t\t<div class=\"elementor-column elementor-col-100 elementor-inner-column elementor-element elementor-element-a0b02d4 elementor-invisible\" data-id=\"a0b02d4\" data-element_type=\"column\" data-e-type=\"column\" data-settings=\"{&quot;background_background&quot;:&quot;classic&quot;,&quot;animation&quot;:&quot;fadeInUp&quot;}\">\n\t\t\t<div class=\"elementor-widget-wrap elementor-element-populated\">\n\t\t\t\t\t\t<div class=\"elementor-element elementor-element-13a610d elementor-widget elementor-widget-heading\" data-id=\"13a610d\" data-element_type=\"widget\" data-e-type=\"widget\" data-widget_type=\"heading.default\">\n\t\t\t\t<div class=\"elementor-widget-container\">\n\t\t\t\t\t<h2 class=\"elementor-heading-title elementor-size-default\">Jetzt Experte werden<\/h2>\t\t\t\t<\/div>\n\t\t\t\t<\/div>\n\t\t\t\t<div class=\"elementor-element elementor-element-adf4b09 elementor-widget elementor-widget-text-editor\" data-id=\"adf4b09\" data-element_type=\"widget\" data-e-type=\"widget\" data-widget_type=\"text-editor.default\">\n\t\t\t\t<div class=\"elementor-widget-container\">\n\t\t\t\t\t\t\t\t\t<p>Sie sind in dem, was Sie tagt\u00e4glich leisten ein Profi?<br \/>Sie stehen gerne beratend zur Seite und lieben es, Ihren Kolleginnen\/Kollegen weiterzuhelfen?<br \/>Sie sind technisch affin und k\u00f6nnen gut erkl\u00e4ren?<br \/>Dann bewerben Sie sich gerne als Referent und teilen Ihr Wissen online!<br \/>Wir freuen uns auf Sie!<\/p>\t\t\t\t\t\t\t\t<\/div>\n\t\t\t\t<\/div>\n\t\t\t\t<div class=\"elementor-element elementor-element-130ee54 elementor-button-align-stretch elementor-widget elementor-widget-form\" data-id=\"130ee54\" data-element_type=\"widget\" data-e-type=\"widget\" data-settings=\"{&quot;step_next_label&quot;:&quot;N\\u00e4chster&quot;,&quot;step_previous_label&quot;:&quot;Voriger&quot;,&quot;button_width&quot;:&quot;50&quot;,&quot;step_type&quot;:&quot;number_text&quot;,&quot;step_icon_shape&quot;:&quot;circle&quot;}\" data-widget_type=\"form.default\">\n\t\t\t\t<div class=\"elementor-widget-container\">\n\t\t\t\t\t\t\t<form class=\"elementor-form\" method=\"post\" id=\"Seminar-Fomular\" name=\"Seminar-Fomular\" aria-label=\"Seminar-Fomular\">\n\t\t\t<input type=\"hidden\" name=\"post_id\" value=\"733\"\/>\n\t\t\t<input type=\"hidden\" name=\"form_id\" value=\"130ee54\"\/>\n\t\t\t<input type=\"hidden\" name=\"referer_title\" value=\"Referent werden bei der nordiska Akademie | Mitwirken\" \/>\n\n\t\t\t\t\t\t\t<input type=\"hidden\" name=\"queried_id\" value=\"733\"\/>\n\t\t\t\n\t\t\t<div class=\"elementor-form-fields-wrapper elementor-labels-above\">\n\t\t\t\t\t\t\t\t<div class=\"elementor-field-type-text elementor-field-group elementor-column elementor-field-group-name elementor-col-50 elementor-field-required elementor-mark-required\">\n\t\t\t\t\t\t\t\t\t\t\t\t<label for=\"form-field-name\" class=\"elementor-field-label\">\n\t\t\t\t\t\t\t\tVorname\t\t\t\t\t\t\t<\/label>\n\t\t\t\t\t\t\t\t\t\t\t\t\t\t<input size=\"1\" type=\"text\" name=\"form_fields[name]\" id=\"form-field-name\" class=\"elementor-field elementor-size-sm  elementor-field-textual\" required=\"required\">\n\t\t\t\t\t\t\t\t\t\t\t<\/div>\n\t\t\t\t\t\t\t\t<div class=\"elementor-field-type-text elementor-field-group elementor-column elementor-field-group-surname elementor-col-50 elementor-field-required elementor-mark-required\">\n\t\t\t\t\t\t\t\t\t\t\t\t<label for=\"form-field-surname\" class=\"elementor-field-label\">\n\t\t\t\t\t\t\t\tNachname\t\t\t\t\t\t\t<\/label>\n\t\t\t\t\t\t\t\t\t\t\t\t\t\t<input size=\"1\" type=\"text\" name=\"form_fields[surname]\" id=\"form-field-surname\" class=\"elementor-field elementor-size-sm  elementor-field-textual\" required=\"required\">\n\t\t\t\t\t\t\t\t\t\t\t<\/div>\n\t\t\t\t\t\t\t\t<div class=\"elementor-field-type-text elementor-field-group elementor-column elementor-field-group-company elementor-col-50 elementor-field-required elementor-mark-required\">\n\t\t\t\t\t\t\t\t\t\t\t\t<label for=\"form-field-company\" class=\"elementor-field-label\">\n\t\t\t\t\t\t\t\tUnternehmen\t\t\t\t\t\t\t<\/label>\n\t\t\t\t\t\t\t\t\t\t\t\t\t\t<input size=\"1\" type=\"text\" name=\"form_fields[company]\" id=\"form-field-company\" class=\"elementor-field elementor-size-sm  elementor-field-textual\" required=\"required\">\n\t\t\t\t\t\t\t\t\t\t\t<\/div>\n\t\t\t\t\t\t\t\t<div class=\"elementor-field-type-text elementor-field-group elementor-column elementor-field-group-position elementor-col-50\">\n\t\t\t\t\t\t\t\t\t\t\t\t<label for=\"form-field-position\" class=\"elementor-field-label\">\n\t\t\t\t\t\t\t\tPosition\t\t\t\t\t\t\t<\/label>\n\t\t\t\t\t\t\t\t\t\t\t\t\t\t<input size=\"1\" type=\"text\" name=\"form_fields[position]\" id=\"form-field-position\" class=\"elementor-field elementor-size-sm  elementor-field-textual\">\n\t\t\t\t\t\t\t\t\t\t\t<\/div>\n\t\t\t\t\t\t\t\t<div class=\"elementor-field-type-email elementor-field-group elementor-column elementor-field-group-email elementor-col-50 elementor-field-required elementor-mark-required\">\n\t\t\t\t\t\t\t\t\t\t\t\t<label for=\"form-field-email\" class=\"elementor-field-label\">\n\t\t\t\t\t\t\t\tE-Mail\t\t\t\t\t\t\t<\/label>\n\t\t\t\t\t\t\t\t\t\t\t\t\t\t<input size=\"1\" type=\"email\" name=\"form_fields[email]\" id=\"form-field-email\" class=\"elementor-field elementor-size-sm  elementor-field-textual\" required=\"required\">\n\t\t\t\t\t\t\t\t\t\t\t<\/div>\n\t\t\t\t\t\t\t\t<div class=\"elementor-field-type-text elementor-field-group elementor-column elementor-field-group-phone elementor-col-50\">\n\t\t\t\t\t\t\t\t\t\t\t\t<label for=\"form-field-phone\" class=\"elementor-field-label\">\n\t\t\t\t\t\t\t\tTelefon\t\t\t\t\t\t\t<\/label>\n\t\t\t\t\t\t\t\t\t\t\t\t\t\t<input size=\"1\" type=\"text\" name=\"form_fields[phone]\" id=\"form-field-phone\" class=\"elementor-field elementor-size-sm  elementor-field-textual\">\n\t\t\t\t\t\t\t\t\t\t\t<\/div>\n\t\t\t\t\t\t\t\t<div class=\"elementor-field-type-select elementor-field-group elementor-column elementor-field-group-bereich elementor-col-100 elementor-field-required elementor-mark-required\">\n\t\t\t\t\t\t\t\t\t\t\t\t<label for=\"form-field-bereich\" class=\"elementor-field-label\">\n\t\t\t\t\t\t\t\tIch bin Experte\/Expertin in folgendem Bereich\t\t\t\t\t\t\t<\/label>\n\t\t\t\t\t\t\t\t<div class=\"elementor-field elementor-select-wrapper remove-before \">\n\t\t\t<div class=\"select-caret-down-wrapper\">\n\t\t\t\t<i aria-hidden=\"true\" class=\"eicon-caret-down\"><\/i>\t\t\t<\/div>\n\t\t\t<select name=\"form_fields[bereich]\" id=\"form-field-bereich\" class=\"elementor-field-textual elementor-size-sm\" required=\"required\">\n\t\t\t\t\t\t\t\t\t<option value=\"OP\">OP<\/option>\n\t\t\t\t\t\t\t\t\t<option value=\"An\u00e4sthesie\">An\u00e4sthesie<\/option>\n\t\t\t\t\t\t\t\t\t<option value=\"Intensivstation\">Intensivstation<\/option>\n\t\t\t\t\t\t\t\t\t<option value=\"Zentrale Notaufnahme\">Zentrale Notaufnahme<\/option>\n\t\t\t\t\t\t\t<\/select>\n\t\t<\/div>\n\t\t\t\t\t\t<\/div>\n\t\t\t\t\t\t\t\t<div class=\"elementor-field-type-text elementor-field-group elementor-column elementor-field-group-wissen elementor-col-100 elementor-field-required elementor-mark-required\">\n\t\t\t\t\t\t\t\t\t\t\t\t<label for=\"form-field-wissen\" class=\"elementor-field-label\">\n\t\t\t\t\t\t\t\tIch m\u00f6chte mein Wissen f\u00fcr folgenden Schwerpunkt teilen\t\t\t\t\t\t\t<\/label>\n\t\t\t\t\t\t\t\t\t\t\t\t\t\t<input size=\"1\" type=\"text\" name=\"form_fields[wissen]\" id=\"form-field-wissen\" class=\"elementor-field elementor-size-sm  elementor-field-textual\" required=\"required\">\n\t\t\t\t\t\t\t\t\t\t\t<\/div>\n\t\t\t\t\t\t\t\t<div class=\"elementor-field-type-textarea elementor-field-group elementor-column elementor-field-group-message elementor-col-100\">\n\t\t\t\t\t\t\t\t\t\t\t\t<label for=\"form-field-message\" class=\"elementor-field-label\">\n\t\t\t\t\t\t\t\tNachricht\t\t\t\t\t\t\t<\/label>\n\t\t\t\t\t\t<textarea class=\"elementor-field-textual elementor-field  elementor-size-sm\" name=\"form_fields[message]\" id=\"form-field-message\" rows=\"4\"><\/textarea>\t\t\t\t<\/div>\n\t\t\t\t\t\t\t\t<div class=\"elementor-field-type-html elementor-field-group elementor-column elementor-field-group-field_e0da2a2 elementor-col-100\">\n\t\t\t\t\t*Die markierten Felder sind Pflichtfelder.\t\t\t\t<\/div>\n\t\t\t\t\t\t\t\t<div class=\"elementor-field-type-recaptcha_v3 elementor-field-group elementor-column elementor-field-group-field_d8c5106 elementor-col-100 recaptcha_v3-bottomright\">\n\t\t\t\t\t<div class=\"elementor-field\" id=\"form-field-field_d8c5106\"><div class=\"elementor-g-recaptcha\" data-sitekey=\"6LdOxKMZAAAAAJCEbiDv3w4yJ5AwBMCoO6f7eJmk\" data-type=\"v3\" data-action=\"Form\" data-badge=\"bottomright\" data-size=\"invisible\"><\/div><\/div>\t\t\t\t<\/div>\n\t\t\t\t\t\t\t\t<div class=\"elementor-field-group elementor-column elementor-field-type-submit elementor-col-50 e-form__buttons\">\n\t\t\t\t\t<button class=\"elementor-button elementor-size-sm\" type=\"submit\">\n\t\t\t\t\t\t<span class=\"elementor-button-content-wrapper\">\n\t\t\t\t\t\t\t\t\t\t\t\t\t\t\t\t\t\t\t\t\t\t<span class=\"elementor-button-text\">Jetzt bewerben<\/span>\n\t\t\t\t\t\t\t\t\t\t\t\t\t<\/span>\n\t\t\t\t\t<\/button>\n\t\t\t\t<\/div>\n\t\t\t<\/div>\n\t\t<\/form>\n\t\t\t\t\t\t<\/div>\n\t\t\t\t<\/div>\n\t\t\t\t\t<\/div>\n\t\t<\/div>\n\t\t\t\t\t<\/div>\n\t\t<\/section>\n\t\t\t\t\t<\/div>\n\t\t<\/div>\n\t\t\t\t\t<\/div>\n\t\t<\/section>\n\t\t\t\t<\/div>\n\t\t","protected":false},"excerpt":{"rendered":"<p>Zur\u00fcck zu \u00dcbersicht Referenten gesucht Jetzt Experte werden Sie sind in dem, was Sie tagt\u00e4glich leisten ein Profi?Sie stehen gerne beratend zur Seite und lieben es, Ihren Kolleginnen\/Kollegen weiterzuhelfen?Sie sind technisch affin und k\u00f6nnen gut erkl\u00e4ren?Dann bewerben Sie sich gerne als Referent und teilen Ihr Wissen online!Wir freuen uns auf Sie!<\/p>\n","protected":false},"author":1,"featured_media":0,"parent":0,"menu_order":0,"comment_status":"closed","ping_status":"closed","template":"elementor_header_footer","meta":{"footnotes":""},"class_list":["post-733","page","type-page","status-publish","hentry"],"yoast_head":"<!-- This site is optimized with the Yoast SEO plugin v27.3 - https:\/\/yoast.com\/product\/yoast-seo-wordpress\/ -->\n<title>Referent werden bei der nordiska Akademie | Mitwirken<\/title>\n<meta name=\"description\" content=\"Teilen Sie Ihr Wissen! Bewerben Sie sich als Referent f\u00fcr Workshops, Seminare und Events der nordiska Akademie.\" \/>\n<meta name=\"robots\" content=\"index, follow, max-snippet:-1, max-image-preview:large, max-video-preview:-1\" \/>\n<link rel=\"canonical\" href=\"https:\/\/nordiska.de\/akademie\/referenten-gesucht-2\/\" \/>\n<meta property=\"og:locale\" content=\"de_DE\" \/>\n<meta property=\"og:type\" content=\"article\" \/>\n<meta property=\"og:title\" content=\"Referent werden bei der nordiska Akademie | Mitwirken\" \/>\n<meta property=\"og:description\" content=\"Teilen Sie Ihr Wissen! Bewerben Sie sich als Referent f\u00fcr Workshops, Seminare und Events der nordiska Akademie.\" \/>\n<meta property=\"og:url\" content=\"https:\/\/nordiska.de\/akademie\/referenten-gesucht-2\/\" \/>\n<meta property=\"og:site_name\" content=\"Nordiska Akademie\" \/>\n<meta property=\"article:modified_time\" content=\"2025-11-19T13:49:17+00:00\" \/>\n<meta property=\"og:image\" content=\"https:\/\/nordiska.de\/akademie\/wp-content\/uploads\/sites\/2\/2021\/01\/finales_logo_nordiska_akademie-s.png\" \/>\n\t<meta property=\"og:image:width\" content=\"800\" \/>\n\t<meta property=\"og:image:height\" content=\"267\" \/>\n\t<meta property=\"og:image:type\" content=\"image\/png\" \/>\n<meta name=\"twitter:card\" content=\"summary_large_image\" \/>\n<meta name=\"twitter:label1\" content=\"Gesch\u00e4tzte Lesezeit\" \/>\n\t<meta name=\"twitter:data1\" content=\"1\u00a0Minute\" \/>\n<script type=\"application\/ld+json\" class=\"yoast-schema-graph\">{\"@context\":\"https:\\\/\\\/schema.org\",\"@graph\":[{\"@type\":\"WebPage\",\"@id\":\"https:\\\/\\\/nordiska.de\\\/akademie\\\/referenten-gesucht-2\\\/\",\"url\":\"https:\\\/\\\/nordiska.de\\\/akademie\\\/referenten-gesucht-2\\\/\",\"name\":\"Referent werden bei der nordiska Akademie | Mitwirken\",\"isPartOf\":{\"@id\":\"https:\\\/\\\/nordiska.de\\\/akademie\\\/#website\"},\"primaryImageOfPage\":{\"@id\":\"https:\\\/\\\/nordiska.de\\\/akademie\\\/referenten-gesucht-2\\\/#primaryimage\"},\"image\":{\"@id\":\"https:\\\/\\\/nordiska.de\\\/akademie\\\/referenten-gesucht-2\\\/#primaryimage\"},\"thumbnailUrl\":\"https:\\\/\\\/nordiska.de\\\/akademie\\\/wp-content\\\/uploads\\\/sites\\\/2\\\/2021\\\/01\\\/finales_logo_nordiska_akademie-s.png\",\"datePublished\":\"2021-10-07T09:44:25+00:00\",\"dateModified\":\"2025-11-19T13:49:17+00:00\",\"description\":\"Teilen Sie Ihr Wissen! Bewerben Sie sich als Referent f\u00fcr Workshops, Seminare und Events der nordiska Akademie.\",\"breadcrumb\":{\"@id\":\"https:\\\/\\\/nordiska.de\\\/akademie\\\/referenten-gesucht-2\\\/#breadcrumb\"},\"inLanguage\":\"de\",\"potentialAction\":[{\"@type\":\"ReadAction\",\"target\":[\"https:\\\/\\\/nordiska.de\\\/akademie\\\/referenten-gesucht-2\\\/\"]}]},{\"@type\":\"ImageObject\",\"inLanguage\":\"de\",\"@id\":\"https:\\\/\\\/nordiska.de\\\/akademie\\\/referenten-gesucht-2\\\/#primaryimage\",\"url\":\"https:\\\/\\\/nordiska.de\\\/akademie\\\/wp-content\\\/uploads\\\/sites\\\/2\\\/2021\\\/01\\\/finales_logo_nordiska_akademie-s.png\",\"contentUrl\":\"https:\\\/\\\/nordiska.de\\\/akademie\\\/wp-content\\\/uploads\\\/sites\\\/2\\\/2021\\\/01\\\/finales_logo_nordiska_akademie-s.png\",\"width\":800,\"height\":267,\"caption\":\"Logo der Nordiska Akademie f\u00fcr medizinische Fortbildung\"},{\"@type\":\"BreadcrumbList\",\"@id\":\"https:\\\/\\\/nordiska.de\\\/akademie\\\/referenten-gesucht-2\\\/#breadcrumb\",\"itemListElement\":[{\"@type\":\"ListItem\",\"position\":1,\"name\":\"Startseite\",\"item\":\"https:\\\/\\\/nordiska.de\\\/akademie\\\/\"},{\"@type\":\"ListItem\",\"position\":2,\"name\":\"Referenten gesucht\"}]},{\"@type\":\"WebSite\",\"@id\":\"https:\\\/\\\/nordiska.de\\\/akademie\\\/#website\",\"url\":\"https:\\\/\\\/nordiska.de\\\/akademie\\\/\",\"name\":\"Nordiska Akademie\",\"description\":\"\",\"potentialAction\":[{\"@type\":\"SearchAction\",\"target\":{\"@type\":\"EntryPoint\",\"urlTemplate\":\"https:\\\/\\\/nordiska.de\\\/akademie\\\/?s={search_term_string}\"},\"query-input\":{\"@type\":\"PropertyValueSpecification\",\"valueRequired\":true,\"valueName\":\"search_term_string\"}}],\"inLanguage\":\"de\"}]}<\/script>\n<!-- \/ Yoast SEO plugin. -->","yoast_head_json":{"title":"Referent werden bei der nordiska Akademie | Mitwirken","description":"Teilen Sie Ihr Wissen! Bewerben Sie sich als Referent f\u00fcr Workshops, Seminare und Events der nordiska Akademie.","robots":{"index":"index","follow":"follow","max-snippet":"max-snippet:-1","max-image-preview":"max-image-preview:large","max-video-preview":"max-video-preview:-1"},"canonical":"https:\/\/nordiska.de\/akademie\/referenten-gesucht-2\/","og_locale":"de_DE","og_type":"article","og_title":"Referent werden bei der nordiska Akademie | Mitwirken","og_description":"Teilen Sie Ihr Wissen! Bewerben Sie sich als Referent f\u00fcr Workshops, Seminare und Events der nordiska Akademie.","og_url":"https:\/\/nordiska.de\/akademie\/referenten-gesucht-2\/","og_site_name":"Nordiska Akademie","article_modified_time":"2025-11-19T13:49:17+00:00","og_image":[{"width":800,"height":267,"url":"https:\/\/nordiska.de\/akademie\/wp-content\/uploads\/sites\/2\/2021\/01\/finales_logo_nordiska_akademie-s.png","type":"image\/png"}],"twitter_card":"summary_large_image","twitter_misc":{"Gesch\u00e4tzte Lesezeit":"1\u00a0Minute"},"schema":{"@context":"https:\/\/schema.org","@graph":[{"@type":"WebPage","@id":"https:\/\/nordiska.de\/akademie\/referenten-gesucht-2\/","url":"https:\/\/nordiska.de\/akademie\/referenten-gesucht-2\/","name":"Referent werden bei der nordiska Akademie | Mitwirken","isPartOf":{"@id":"https:\/\/nordiska.de\/akademie\/#website"},"primaryImageOfPage":{"@id":"https:\/\/nordiska.de\/akademie\/referenten-gesucht-2\/#primaryimage"},"image":{"@id":"https:\/\/nordiska.de\/akademie\/referenten-gesucht-2\/#primaryimage"},"thumbnailUrl":"https:\/\/nordiska.de\/akademie\/wp-content\/uploads\/sites\/2\/2021\/01\/finales_logo_nordiska_akademie-s.png","datePublished":"2021-10-07T09:44:25+00:00","dateModified":"2025-11-19T13:49:17+00:00","description":"Teilen Sie Ihr Wissen! Bewerben Sie sich als Referent f\u00fcr Workshops, Seminare und Events der nordiska Akademie.","breadcrumb":{"@id":"https:\/\/nordiska.de\/akademie\/referenten-gesucht-2\/#breadcrumb"},"inLanguage":"de","potentialAction":[{"@type":"ReadAction","target":["https:\/\/nordiska.de\/akademie\/referenten-gesucht-2\/"]}]},{"@type":"ImageObject","inLanguage":"de","@id":"https:\/\/nordiska.de\/akademie\/referenten-gesucht-2\/#primaryimage","url":"https:\/\/nordiska.de\/akademie\/wp-content\/uploads\/sites\/2\/2021\/01\/finales_logo_nordiska_akademie-s.png","contentUrl":"https:\/\/nordiska.de\/akademie\/wp-content\/uploads\/sites\/2\/2021\/01\/finales_logo_nordiska_akademie-s.png","width":800,"height":267,"caption":"Logo der Nordiska Akademie f\u00fcr medizinische Fortbildung"},{"@type":"BreadcrumbList","@id":"https:\/\/nordiska.de\/akademie\/referenten-gesucht-2\/#breadcrumb","itemListElement":[{"@type":"ListItem","position":1,"name":"Startseite","item":"https:\/\/nordiska.de\/akademie\/"},{"@type":"ListItem","position":2,"name":"Referenten gesucht"}]},{"@type":"WebSite","@id":"https:\/\/nordiska.de\/akademie\/#website","url":"https:\/\/nordiska.de\/akademie\/","name":"Nordiska Akademie","description":"","potentialAction":[{"@type":"SearchAction","target":{"@type":"EntryPoint","urlTemplate":"https:\/\/nordiska.de\/akademie\/?s={search_term_string}"},"query-input":{"@type":"PropertyValueSpecification","valueRequired":true,"valueName":"search_term_string"}}],"inLanguage":"de"}]}},"_links":{"self":[{"href":"https:\/\/nordiska.de\/akademie\/wp-json\/wp\/v2\/pages\/733","targetHints":{"allow":["GET"]}}],"collection":[{"href":"https:\/\/nordiska.de\/akademie\/wp-json\/wp\/v2\/pages"}],"about":[{"href":"https:\/\/nordiska.de\/akademie\/wp-json\/wp\/v2\/types\/page"}],"author":[{"embeddable":true,"href":"https:\/\/nordiska.de\/akademie\/wp-json\/wp\/v2\/users\/1"}],"replies":[{"embeddable":true,"href":"https:\/\/nordiska.de\/akademie\/wp-json\/wp\/v2\/comments?post=733"}],"version-history":[{"count":20,"href":"https:\/\/nordiska.de\/akademie\/wp-json\/wp\/v2\/pages\/733\/revisions"}],"predecessor-version":[{"id":5181,"href":"https:\/\/nordiska.de\/akademie\/wp-json\/wp\/v2\/pages\/733\/revisions\/5181"}],"wp:attachment":[{"href":"https:\/\/nordiska.de\/akademie\/wp-json\/wp\/v2\/media?parent=733"}],"curies":[{"name":"wp","href":"https:\/\/api.w.org\/{rel}","templated":true}]}}